{"id":10,"date":"2022-12-30T13:05:51","date_gmt":"2022-12-30T13:05:51","guid":{"rendered":"https:\/\/melizaconsulting.com\/?page_id=10"},"modified":"2022-12-30T14:06:45","modified_gmt":"2022-12-30T14:06:45","slug":"about","status":"publish","type":"page","link":"https:\/\/melizaconsulting.com\/","title":{"rendered":"ABOUT"},"content":{"rendered":"\n<p><strong>ZAH\u0130DE \u00c7ERKOZO\u011eLU G\u00dcM\u00dc\u015e<\/strong><\/p>\n\n\n\n<figure class=\"wp-block-image size-full is-resized\"><img decoding=\"async\" loading=\"lazy\" src=\"https:\/\/melizaconsulting.com\/wp-content\/uploads\/2022\/12\/WhatsApp-Image-2022-02-21-at-5.41.10-PM-e1645454584720-985x1024-1.jpeg\" alt=\"\" class=\"wp-image-26\" width=\"257\" height=\"266\" srcset=\"https:\/\/melizaconsulting.com\/wp-content\/uploads\/2022\/12\/WhatsApp-Image-2022-02-21-at-5.41.10-PM-e1645454584720-985x1024-1.jpeg 985w, https:\/\/melizaconsulting.com\/wp-content\/uploads\/2022\/12\/WhatsApp-Image-2022-02-21-at-5.41.10-PM-e1645454584720-985x1024-1-289x300.jpeg 289w, https:\/\/melizaconsulting.com\/wp-content\/uploads\/2022\/12\/WhatsApp-Image-2022-02-21-at-5.41.10-PM-e1645454584720-985x1024-1-768x798.jpeg 768w\" sizes=\"(max-width: 257px) 100vw, 257px\" \/><\/figure>\n\n\n\n<p><strong>International Trade and Business Development Specialist\/ Consultant<\/strong><\/p>\n\n\n\n<p>Having completed her undergraduate education at Eastern Mediterranean University, Faculty of Business and Economics, International Relations in 2000, G\u00fcm\u00fc\u015f started his professional career as a Sales and Marketing Specialist in Istanbul \u2013 Trakya Free Zone in the same year. During the time she worked, she gave export, import and free zone legislation trainings to companies working in different sectors.<\/p>\n\n\n\n<p>In 2003 she started to work in Hyundai Assan Otomotiv A.\u015e. as an Export Operation Specialist and continued to work for 4 years.<\/p>\n\n\n\n<p>Then, she continued his career for 4.5 years as an International Business Development and Export Sales Specialist at Entegre Har\u00e7 A.\u015e., a subsidiary of Ata Holding.<\/p>\n\n\n\n<p>She moved to the energy sector with Kablotel in 2013. During her duty as International Business Development and Export Sales Director; It has ensured that the company\u2019s products are sold worldwide and that the products are branded in the European market by participating in international fairs and congresses.<\/p>\n\n\n\n<p>In 2019, she has been providing support and services to organizations operating in various sectors such as energy, mining, construction, automotive and heavy industry machinery in his own consultancy firm,MeliZa International Trade and business development, branding and sustainability, as a consultant in accordance with international legislation.<\/p>\n\n\n\n<p>In 2021, she worked as an Export Mentor in the \u201cFirst Step to Export in 81 Provinces Project\u201d jointly organized by the Ministry of Trade and the Turkish Exporters\u2019 Assembly, and prepared medium-sized companies for export for 6 months, and the project was successfully completed as the copmanies started export.<\/p>\n\n\n\n<p>She has specialized in international business development, sales and marketing in foreign trade, export operation, branding and international commercial contracts for more than 20 years.<\/p>\n\n\n\n<p>Born in Varna, Bulgaria, G\u00fcm\u00fc\u015f speaks advanced English and Bulgarian, and intermediate Russian. G\u00fcm\u00fc\u015f, who has been involved in many different sports since his childhood, is a licensed table tennis player. She has won championships in clubs and international university competitions.<\/p>\n","protected":false},"excerpt":{"rendered":"<p>ZAH\u0130DE \u00c7ERKOZO\u011eLU G\u00dcM\u00dc\u015e International Trade and Business Development Specialist\/ Consultant Having completed her undergraduate education at Eastern Mediterranean University, Faculty of Business and Economics, International Relations in 2000, G\u00fcm\u00fc\u015f started his professional career as a Sales and Marketing Specialist in Istanbul \u2013 Trakya Free Zone in the same year. During the time she worked, she &hellip; <\/p>\n<p class=\"link-more\"><a href=\"https:\/\/melizaconsulting.com\/\" class=\"more-link\">Continue reading<span class=\"screen-reader-text\"> &#8220;ABOUT&#8221;<\/span><\/a><\/p>\n","protected":false},"author":1,"featured_media":0,"parent":0,"menu_order":0,"comment_status":"closed","ping_status":"closed","template":"","meta":[],"_links":{"self":[{"href":"https:\/\/melizaconsulting.com\/index.php\/wp-json\/wp\/v2\/pages\/10"}],"collection":[{"href":"https:\/\/melizaconsulting.com\/index.php\/wp-json\/wp\/v2\/pages"}],"about":[{"href":"https:\/\/melizaconsulting.com\/index.php\/wp-json\/wp\/v2\/types\/page"}],"author":[{"embeddable":true,"href":"https:\/\/melizaconsulting.com\/index.php\/wp-json\/wp\/v2\/users\/1"}],"replies":[{"embeddable":true,"href":"https:\/\/melizaconsulting.com\/index.php\/wp-json\/wp\/v2\/comments?post=10"}],"version-history":[{"count":3,"href":"https:\/\/melizaconsulting.com\/index.php\/wp-json\/wp\/v2\/pages\/10\/revisions"}],"predecessor-version":[{"id":27,"href":"https:\/\/melizaconsulting.com\/index.php\/wp-json\/wp\/v2\/pages\/10\/revisions\/27"}],"wp:attachment":[{"href":"https:\/\/melizaconsulting.com\/index.php\/wp-json\/wp\/v2\/media?parent=10"}],"curies":[{"name":"wp","href":"https:\/\/api.w.org\/{rel}","templated":true}]}}